{"id":1033,"date":"2018-01-09T22:21:40","date_gmt":"2018-01-09T21:21:40","guid":{"rendered":"http:\/\/charles-de-flahaut.fr\/annuaire-empires\/?page_id=1033"},"modified":"2018-12-21T15:37:56","modified_gmt":"2018-12-21T14:37:56","slug":"proposer-un-site","status":"publish","type":"page","link":"https:\/\/charles-de-flahaut.fr\/annuaire-empires\/proposer-un-site\/","title":{"rendered":"Proposer un site"},"content":{"rendered":"<div class=\"entry-content clearfix\">\n<p>Pour une inscription sur l\u2019annuaire ou une modification, vous devez <a href=\"http:\/\/charles-de-flahaut.fr\/annuaire-empires\/formulaire-de-contact\/\" target=\"_blank\" rel=\"noopener\"><strong>renseigner obligatoirement sur le formulaire<\/strong><\/a> (dans la partie \u201cMessage\u201d) :<br \/>\n\u2013 un titre<br \/>\n\u2013 l\u2019URL de votre site ou blog<br \/>\n\u2013 une br\u00e8ve description de votre\u00a0 ou activit\u00e9<br \/>\n\u2013 la (ou les) cat\u00e9gorie(s)<\/p>\n<p>Vous pouvez aussi (non obligatoire) placer sur votre site ou blog, un lien vers l\u2019annuaire Annuaire Napol\u00e9onien\u00a0 et visiter l\u2019un des annonceurs<\/p>\n<p>Les insertions sont gratuites !<\/p>\n<\/div>\n","protected":false},"excerpt":{"rendered":"<p>Pour une inscription sur l\u2019annuaire ou une modification, vous devez renseigner obligatoirement sur le formulaire (dans la partie \u201cMessage\u201d) : \u2013 un titre \u2013 l\u2019URL de votre site ou blog \u2013 une br\u00e8ve description de votre\u00a0 ou activit\u00e9 \u2013 la (ou les) cat\u00e9gorie(s) Vous pouvez aussi (non obligatoire) placer sur votre site ou blog, un &hellip; <\/p>\n<p><a class=\"more-link btn\" href=\"https:\/\/charles-de-flahaut.fr\/annuaire-empires\/proposer-un-site\/\">Lire la suite<\/a><\/p>\n","protected":false},"author":1,"featured_media":0,"parent":0,"menu_order":0,"comment_status":"closed","ping_status":"closed","template":"","meta":{"footnotes":""},"class_list":["post-1033","page","type-page","status-publish","hentry","nodate","item-wrap"],"yoast_head":"<!-- This site is optimized with the Yoast SEO plugin v20.13 - https:\/\/yoast.com\/wordpress\/plugins\/seo\/ -->\n<title>Proposer un site - Annuaire Napol\u00e9onien<\/title>\n<meta name=\"robots\" content=\"index, follow, max-snippet:-1, max-image-preview:large, max-video-preview:-1\" \/>\n<link rel=\"canonical\" href=\"https:\/\/charles-de-flahaut.fr\/annuaire-empires\/proposer-un-site\/\" \/>\n<meta property=\"og:locale\" content=\"fr_FR\" \/>\n<meta property=\"og:type\" content=\"article\" \/>\n<meta property=\"og:title\" content=\"Proposer un site - Annuaire Napol\u00e9onien\" \/>\n<meta property=\"og:description\" content=\"Pour une inscription sur l\u2019annuaire ou une modification, vous devez renseigner obligatoirement sur le formulaire (dans la partie \u201cMessage\u201d) : \u2013 un titre \u2013 l\u2019URL de votre site ou blog \u2013 une br\u00e8ve description de votre\u00a0 ou activit\u00e9 \u2013 la (ou les) cat\u00e9gorie(s) Vous pouvez aussi (non obligatoire) placer sur votre site ou blog, un &hellip; Lire la suite\" \/>\n<meta property=\"og:url\" content=\"https:\/\/charles-de-flahaut.fr\/annuaire-empires\/proposer-un-site\/\" \/>\n<meta property=\"og:site_name\" content=\"Annuaire Napol\u00e9onien\" \/>\n<meta property=\"article:modified_time\" content=\"2018-12-21T14:37:56+00:00\" \/>\n<meta name=\"twitter:card\" content=\"summary_large_image\" \/>\n<script type=\"application\/ld+json\" class=\"yoast-schema-graph\">{\"@context\":\"https:\/\/schema.org\",\"@graph\":[{\"@type\":\"WebPage\",\"@id\":\"https:\/\/charles-de-flahaut.fr\/annuaire-empires\/proposer-un-site\/\",\"url\":\"https:\/\/charles-de-flahaut.fr\/annuaire-empires\/proposer-un-site\/\",\"name\":\"Proposer un site - Annuaire Napol\u00e9onien\",\"isPartOf\":{\"@id\":\"https:\/\/charles-de-flahaut.fr\/annuaire-empires\/#website\"},\"datePublished\":\"2018-01-09T21:21:40+00:00\",\"dateModified\":\"2018-12-21T14:37:56+00:00\",\"breadcrumb\":{\"@id\":\"https:\/\/charles-de-flahaut.fr\/annuaire-empires\/proposer-un-site\/#breadcrumb\"},\"inLanguage\":\"fr-FR\",\"potentialAction\":[{\"@type\":\"ReadAction\",\"target\":[\"https:\/\/charles-de-flahaut.fr\/annuaire-empires\/proposer-un-site\/\"]}]},{\"@type\":\"BreadcrumbList\",\"@id\":\"https:\/\/charles-de-flahaut.fr\/annuaire-empires\/proposer-un-site\/#breadcrumb\",\"itemListElement\":[{\"@type\":\"ListItem\",\"position\":1,\"name\":\"Accueil\",\"item\":\"https:\/\/charles-de-flahaut.fr\/annuaire-empires\/\"},{\"@type\":\"ListItem\",\"position\":2,\"name\":\"Proposer un site\"}]},{\"@type\":\"WebSite\",\"@id\":\"https:\/\/charles-de-flahaut.fr\/annuaire-empires\/#website\",\"url\":\"https:\/\/charles-de-flahaut.fr\/annuaire-empires\/\",\"name\":\"Annuaire Napol\u00e9onien\",\"description\":\"Annuaire d\u00e9di\u00e9 aux P\u00e9riodes Imp\u00e9riales, Restaurations et R\u00e9volution\",\"potentialAction\":[{\"@type\":\"SearchAction\",\"target\":{\"@type\":\"EntryPoint\",\"urlTemplate\":\"https:\/\/charles-de-flahaut.fr\/annuaire-empires\/?s={search_term_string}\"},\"query-input\":\"required name=search_term_string\"}],\"inLanguage\":\"fr-FR\"}]}<\/script>\n<!-- \/ Yoast SEO plugin. -->","yoast_head_json":{"title":"Proposer un site - Annuaire Napol\u00e9onien","robots":{"index":"index","follow":"follow","max-snippet":"max-snippet:-1","max-image-preview":"max-image-preview:large","max-video-preview":"max-video-preview:-1"},"canonical":"https:\/\/charles-de-flahaut.fr\/annuaire-empires\/proposer-un-site\/","og_locale":"fr_FR","og_type":"article","og_title":"Proposer un site - Annuaire Napol\u00e9onien","og_description":"Pour une inscription sur l\u2019annuaire ou une modification, vous devez renseigner obligatoirement sur le formulaire (dans la partie \u201cMessage\u201d) : \u2013 un titre \u2013 l\u2019URL de votre site ou blog \u2013 une br\u00e8ve description de votre\u00a0 ou activit\u00e9 \u2013 la (ou les) cat\u00e9gorie(s) Vous pouvez aussi (non obligatoire) placer sur votre site ou blog, un &hellip; Lire la suite","og_url":"https:\/\/charles-de-flahaut.fr\/annuaire-empires\/proposer-un-site\/","og_site_name":"Annuaire Napol\u00e9onien","article_modified_time":"2018-12-21T14:37:56+00:00","twitter_card":"summary_large_image","schema":{"@context":"https:\/\/schema.org","@graph":[{"@type":"WebPage","@id":"https:\/\/charles-de-flahaut.fr\/annuaire-empires\/proposer-un-site\/","url":"https:\/\/charles-de-flahaut.fr\/annuaire-empires\/proposer-un-site\/","name":"Proposer un site - Annuaire Napol\u00e9onien","isPartOf":{"@id":"https:\/\/charles-de-flahaut.fr\/annuaire-empires\/#website"},"datePublished":"2018-01-09T21:21:40+00:00","dateModified":"2018-12-21T14:37:56+00:00","breadcrumb":{"@id":"https:\/\/charles-de-flahaut.fr\/annuaire-empires\/proposer-un-site\/#breadcrumb"},"inLanguage":"fr-FR","potentialAction":[{"@type":"ReadAction","target":["https:\/\/charles-de-flahaut.fr\/annuaire-empires\/proposer-un-site\/"]}]},{"@type":"BreadcrumbList","@id":"https:\/\/charles-de-flahaut.fr\/annuaire-empires\/proposer-un-site\/#breadcrumb","itemListElement":[{"@type":"ListItem","position":1,"name":"Accueil","item":"https:\/\/charles-de-flahaut.fr\/annuaire-empires\/"},{"@type":"ListItem","position":2,"name":"Proposer un site"}]},{"@type":"WebSite","@id":"https:\/\/charles-de-flahaut.fr\/annuaire-empires\/#website","url":"https:\/\/charles-de-flahaut.fr\/annuaire-empires\/","name":"Annuaire Napol\u00e9onien","description":"Annuaire d\u00e9di\u00e9 aux P\u00e9riodes Imp\u00e9riales, Restaurations et R\u00e9volution","potentialAction":[{"@type":"SearchAction","target":{"@type":"EntryPoint","urlTemplate":"https:\/\/charles-de-flahaut.fr\/annuaire-empires\/?s={search_term_string}"},"query-input":"required name=search_term_string"}],"inLanguage":"fr-FR"}]}},"_links":{"self":[{"href":"https:\/\/charles-de-flahaut.fr\/annuaire-empires\/wp-json\/wp\/v2\/pages\/1033","targetHints":{"allow":["GET"]}}],"collection":[{"href":"https:\/\/charles-de-flahaut.fr\/annuaire-empires\/wp-json\/wp\/v2\/pages"}],"about":[{"href":"https:\/\/charles-de-flahaut.fr\/annuaire-empires\/wp-json\/wp\/v2\/types\/page"}],"author":[{"embeddable":true,"href":"https:\/\/charles-de-flahaut.fr\/annuaire-empires\/wp-json\/wp\/v2\/users\/1"}],"replies":[{"embeddable":true,"href":"https:\/\/charles-de-flahaut.fr\/annuaire-empires\/wp-json\/wp\/v2\/comments?post=1033"}],"version-history":[{"count":2,"href":"https:\/\/charles-de-flahaut.fr\/annuaire-empires\/wp-json\/wp\/v2\/pages\/1033\/revisions"}],"predecessor-version":[{"id":1084,"href":"https:\/\/charles-de-flahaut.fr\/annuaire-empires\/wp-json\/wp\/v2\/pages\/1033\/revisions\/1084"}],"wp:attachment":[{"href":"https:\/\/charles-de-flahaut.fr\/annuaire-empires\/wp-json\/wp\/v2\/media?parent=1033"}],"curies":[{"name":"wp","href":"https:\/\/api.w.org\/{rel}","templated":true}]}}